{"id":2054,"date":"2026-04-13T18:22:23","date_gmt":"2026-04-13T16:22:23","guid":{"rendered":"https:\/\/www.enerkom-plzensko.cz\/?page_id=2054"},"modified":"2026-04-13T18:43:09","modified_gmt":"2026-04-13T16:43:09","slug":"osvetove-seminare","status":"publish","type":"page","link":"https:\/\/www.enerkom-plzensko.cz\/index.php\/osvetove-seminare\/","title":{"rendered":"Osv\u011btov\u00e9 semin\u00e1\u0159e"},"content":{"rendered":"\t\t<div data-elementor-type=\"wp-page\" data-elementor-id=\"2054\" class=\"elementor elementor-2054\" data-elementor-settings=\"{&quot;element_pack_global_tooltip_width&quot;:{&quot;unit&quot;:&quot;px&quot;,&quot;size&quot;:&quot;&quot;,&quot;sizes&quot;:[]},&quot;element_pack_global_tooltip_width_tablet&quot;:{&quot;unit&quot;:&quot;px&quot;,&quot;size&quot;:&quot;&quot;,&quot;sizes&quot;:[]},&quot;element_pack_global_tooltip_width_mobile&quot;:{&quot;unit&quot;:&quot;px&quot;,&quot;size&quot;:&quot;&quot;,&quot;sizes&quot;:[]},&quot;element_pack_global_tooltip_padding&quot;:{&quot;unit&quot;:&quot;px&quot;,&quot;top&quot;:&quot;&quot;,&quot;right&quot;:&quot;&quot;,&quot;bottom&quot;:&quot;&quot;,&quot;left&quot;:&quot;&quot;,&quot;isLinked&quot;:true},&quot;element_pack_global_tooltip_padding_tablet&quot;:{&quot;unit&quot;:&quot;px&quot;,&quot;top&quot;:&quot;&quot;,&quot;right&quot;:&quot;&quot;,&quot;bottom&quot;:&quot;&quot;,&quot;left&quot;:&quot;&quot;,&quot;isLinked&quot;:true},&quot;element_pack_global_tooltip_padding_mobile&quot;:{&quot;unit&quot;:&quot;px&quot;,&quot;top&quot;:&quot;&quot;,&quot;right&quot;:&quot;&quot;,&quot;bottom&quot;:&quot;&quot;,&quot;left&quot;:&quot;&quot;,&quot;isLinked&quot;:true},&quot;element_pack_global_tooltip_border_radius&quot;:{&quot;unit&quot;:&quot;px&quot;,&quot;top&quot;:&quot;&quot;,&quot;right&quot;:&quot;&quot;,&quot;bottom&quot;:&quot;&quot;,&quot;left&quot;:&quot;&quot;,&quot;isLinked&quot;:true},&quot;element_pack_global_tooltip_border_radius_tablet&quot;:{&quot;unit&quot;:&quot;px&quot;,&quot;top&quot;:&quot;&quot;,&quot;right&quot;:&quot;&quot;,&quot;bottom&quot;:&quot;&quot;,&quot;left&quot;:&quot;&quot;,&quot;isLinked&quot;:true},&quot;element_pack_global_tooltip_border_radius_mobile&quot;:{&quot;unit&quot;:&quot;px&quot;,&quot;top&quot;:&quot;&quot;,&quot;right&quot;:&quot;&quot;,&quot;bottom&quot;:&quot;&quot;,&quot;left&quot;:&quot;&quot;,&quot;isLinked&quot;:true}}\" data-elementor-post-type=\"page\">\n\t\t\t\t<div class=\"elementor-element elementor-element-da18083 e-flex e-con-boxed e-con e-parent\" data-id=\"da18083\" data-element_type=\"container\" data-e-type=\"container\">\n\t\t\t\t\t<div class=\"e-con-inner\">\n\t\t<div class=\"elementor-element elementor-element-8cd5db8 e-con-full e-flex e-con e-child\" data-id=\"8cd5db8\" data-element_type=\"container\" data-e-type=\"container\">\n\t\t<div class=\"elementor-element elementor-element-9fed0f9 e-con-full e-flex e-con e-child\" data-id=\"9fed0f9\" data-element_type=\"container\" data-e-type=\"container\">\n\t\t\t\t<div class=\"elementor-element elementor-element-5568d88 elementor-widget elementor-widget-heading\" data-id=\"5568d88\" data-element_type=\"widget\" data-e-type=\"widget\" data-widget_type=\"heading.default\">\n\t\t\t\t<div class=\"elementor-widget-container\">\n\t\t\t\t\t<h1 class=\"elementor-heading-title elementor-size-default\">Osv\u011btov\u00e9 semin\u00e1\u0159e o dotac\u00edch a \u00faspor\u00e1ch energie<\/h1>\t\t\t\t<\/div>\n\t\t\t\t<\/div>\n\t\t\t\t<div class=\"elementor-element elementor-element-c8bdcdd elementor-widget elementor-widget-image\" data-id=\"c8bdcdd\" data-element_type=\"widget\" data-e-type=\"widget\" data-widget_type=\"image.default\">\n\t\t\t\t<div class=\"elementor-widget-container\">\n\t\t\t\t\t\t\t\t\t\t\t\t\t\t\t<img decoding=\"async\" width=\"88\" height=\"6\" src=\"https:\/\/www.enerkom-plzensko.cz\/wp-content\/uploads\/2025\/08\/gfx_nadpis-3.png\" class=\"attachment-large size-large wp-image-297\" alt=\"\" \/>\t\t\t\t\t\t\t\t\t\t\t\t\t\t\t<\/div>\n\t\t\t\t<\/div>\n\t\t\t\t<\/div>\n\t\t<div class=\"elementor-element elementor-element-6ab9c94 e-con-full e-flex e-con e-child\" data-id=\"6ab9c94\" data-element_type=\"container\" data-e-type=\"container\">\n\t\t<div class=\"elementor-element elementor-element-7c2d068 e-con-full e-flex e-con e-child\" data-id=\"7c2d068\" data-element_type=\"container\" data-e-type=\"container\">\n\t\t\t\t<div class=\"elementor-element elementor-element-b2abb34 elementor-widget elementor-widget-text-editor\" data-id=\"b2abb34\" data-element_type=\"widget\" data-e-type=\"widget\" data-widget_type=\"text-editor.default\">\n\t\t\t\t<div class=\"elementor-widget-container\">\n\t\t\t\t\t\t\t\t\t<p>Po\u0159\u00e1d\u00e1me <strong>bezplatn\u00e9 osv\u011btov\u00e9 semin\u00e1\u0159e pro ve\u0159ejnost<\/strong> zam\u011b\u0159en\u00e9 na \u00faspory energie v dom\u00e1cnostech a mo\u017enosti financov\u00e1n\u00ed \u00fasporn\u00fdch opat\u0159en\u00ed. Na semin\u00e1\u0159\u00edch se dozv\u00edte:<\/p><ul><li>jak sn\u00ed\u017eit n\u00e1klady na energie,<\/li><li>jak\u00e9 \u00fapravy domu nebo bytu d\u00e1vaj\u00ed nejv\u011bt\u0161\u00ed smysl<\/li><li>a jak vyu\u017e\u00edt dostupn\u00e9 dota\u010dn\u00ed programy.<\/li><\/ul><p>Sou\u010d\u00e1st\u00ed ka\u017ed\u00e9ho semin\u00e1\u0159e je tak\u00e9 prostor pro individu\u00e1ln\u00ed dotazy a kr\u00e1tk\u00e9 energetick\u00e9 poradenstv\u00ed. Odborn\u00edk v\u00e1m pom\u016f\u017ee zorientovat se v mo\u017enostech zateplen\u00ed, v\u00fdm\u011bny zdroje tepla, instalace fotovoltaiky nebo dal\u0161\u00edch opat\u0159en\u00ed vedouc\u00edch ke sn\u00ed\u017een\u00ed spot\u0159eby energie.<\/p><p><strong>Semin\u00e1\u0159e jsou ur\u010deny p\u0159edev\u0161\u00edm pro vlastn\u00edky rodinn\u00fdch a bytov\u00fdch dom\u016f<\/strong>, ale v\u00edt\u00e1n je ka\u017ed\u00fd, kdo se chce dozv\u011bd\u011bt v\u00edce o \u00faspor\u00e1ch energie a modernizaci bydlen\u00ed.<\/p><p>Do konce listopadu 2026 pl\u00e1nujeme realizovat celkem <strong>17 semin\u00e1\u0159\u016f<\/strong>.\u00a0<\/p><p><strong>Term\u00edny a m\u00edsta kon\u00e1n\u00ed budeme pr\u016fb\u011b\u017en\u011b zve\u0159ej\u0148ovat na t\u00e9to str\u00e1nce<\/strong>, proto ji pros\u00edm sledujte pro aktu\u00e1ln\u00ed informace. Pozv\u00e1nky na semin\u00e1\u0159e zve\u0159ejn\u00edme tak\u00e9 na <a href=\"https:\/\/www.facebook.com\/enerkomplzensko\" target=\"_blank\" rel=\"noopener\"><strong>na\u0161em Facebooku<\/strong><\/a>.<\/p>\t\t\t\t\t\t\t\t<\/div>\n\t\t\t\t<\/div>\n\t\t\t\t<div class=\"elementor-element elementor-element-e2c3bcb elementor-widget elementor-widget-image\" data-id=\"e2c3bcb\" data-element_type=\"widget\" data-e-type=\"widget\" data-widget_type=\"image.default\">\n\t\t\t\t<div class=\"elementor-widget-container\">\n\t\t\t\t\t\t\t\t\t\t\t\t\t\t\t<img fetchpriority=\"high\" decoding=\"async\" width=\"800\" height=\"450\" src=\"https:\/\/www.enerkom-plzensko.cz\/wp-content\/uploads\/2026\/04\/povinna-publicita-seminare-1024x576.jpeg\" class=\"attachment-large size-large wp-image-2056\" alt=\"Semin\u00e1\u0159e a osv\u011bta\" srcset=\"https:\/\/www.enerkom-plzensko.cz\/wp-content\/uploads\/2026\/04\/povinna-publicita-seminare-1024x576.jpeg 1024w, https:\/\/www.enerkom-plzensko.cz\/wp-content\/uploads\/2026\/04\/povinna-publicita-seminare-300x169.jpeg 300w, https:\/\/www.enerkom-plzensko.cz\/wp-content\/uploads\/2026\/04\/povinna-publicita-seminare-768x432.jpeg 768w, https:\/\/www.enerkom-plzensko.cz\/wp-content\/uploads\/2026\/04\/povinna-publicita-seminare-1536x864.jpeg 1536w, https:\/\/www.enerkom-plzensko.cz\/wp-content\/uploads\/2026\/04\/povinna-publicita-seminare.jpeg 1920w\" sizes=\"(max-width: 800px) 100vw, 800px\" \/>\t\t\t\t\t\t\t\t\t\t\t\t\t\t\t<\/div>\n\t\t\t\t<\/div>\n\t\t\t\t<\/div>\n\t\t<div class=\"elementor-element elementor-element-7e3dd98 e-con-full e-flex e-con e-child\" data-id=\"7e3dd98\" data-element_type=\"container\" data-e-type=\"container\">\n\t\t\t\t<\/div>\n\t\t\t\t<\/div>\n\t\t\t\t<\/div>\n\t\t\t\t\t<\/div>\n\t\t\t\t<\/div>\n\t\t\t\t<\/div>\n\t\t","protected":false},"excerpt":{"rendered":"<p>Po\u0159\u00e1d\u00e1me bezplatn\u00e9 osv\u011btov\u00e9 semin\u00e1\u0159e pro ve\u0159ejnost zam\u011b\u0159en\u00e9 na \u00faspory energie v dom\u00e1cnostech a mo\u017enosti financov\u00e1n\u00ed \u00fasporn\u00fdch opat\u0159en\u00ed.<\/p>\n","protected":false},"author":2,"featured_media":0,"parent":0,"menu_order":0,"comment_status":"closed","ping_status":"closed","template":"elementor_header_footer","meta":{"inline_featured_image":false,"footnotes":""},"class_list":["post-2054","page","type-page","status-publish","hentry"],"_links":{"self":[{"href":"https:\/\/www.enerkom-plzensko.cz\/index.php\/wp-json\/wp\/v2\/pages\/2054","targetHints":{"allow":["GET"]}}],"collection":[{"href":"https:\/\/www.enerkom-plzensko.cz\/index.php\/wp-json\/wp\/v2\/pages"}],"about":[{"href":"https:\/\/www.enerkom-plzensko.cz\/index.php\/wp-json\/wp\/v2\/types\/page"}],"author":[{"embeddable":true,"href":"https:\/\/www.enerkom-plzensko.cz\/index.php\/wp-json\/wp\/v2\/users\/2"}],"replies":[{"embeddable":true,"href":"https:\/\/www.enerkom-plzensko.cz\/index.php\/wp-json\/wp\/v2\/comments?post=2054"}],"version-history":[{"count":8,"href":"https:\/\/www.enerkom-plzensko.cz\/index.php\/wp-json\/wp\/v2\/pages\/2054\/revisions"}],"predecessor-version":[{"id":2065,"href":"https:\/\/www.enerkom-plzensko.cz\/index.php\/wp-json\/wp\/v2\/pages\/2054\/revisions\/2065"}],"wp:attachment":[{"href":"https:\/\/www.enerkom-plzensko.cz\/index.php\/wp-json\/wp\/v2\/media?parent=2054"}],"curies":[{"name":"wp","href":"https:\/\/api.w.org\/{rel}","templated":true}]}}