{"id":279,"date":"2025-08-06T08:29:15","date_gmt":"2025-08-06T06:29:15","guid":{"rendered":"https:\/\/www.enerkom-plzensko.cz\/?page_id=279"},"modified":"2026-04-13T19:18:37","modified_gmt":"2026-04-13T17:18:37","slug":"energeticke-poradenstvi","status":"publish","type":"page","link":"https:\/\/www.enerkom-plzensko.cz\/index.php\/energeticke-poradenstvi\/","title":{"rendered":"Energetick\u00e9 poradenstv\u00ed"},"content":{"rendered":"\t\t<div data-elementor-type=\"wp-page\" data-elementor-id=\"279\" class=\"elementor elementor-279\" data-elementor-settings=\"{&quot;element_pack_global_tooltip_width&quot;:{&quot;unit&quot;:&quot;px&quot;,&quot;size&quot;:&quot;&quot;,&quot;sizes&quot;:[]},&quot;element_pack_global_tooltip_width_tablet&quot;:{&quot;unit&quot;:&quot;px&quot;,&quot;size&quot;:&quot;&quot;,&quot;sizes&quot;:[]},&quot;element_pack_global_tooltip_width_mobile&quot;:{&quot;unit&quot;:&quot;px&quot;,&quot;size&quot;:&quot;&quot;,&quot;sizes&quot;:[]},&quot;element_pack_global_tooltip_padding&quot;:{&quot;unit&quot;:&quot;px&quot;,&quot;top&quot;:&quot;&quot;,&quot;right&quot;:&quot;&quot;,&quot;bottom&quot;:&quot;&quot;,&quot;left&quot;:&quot;&quot;,&quot;isLinked&quot;:true},&quot;element_pack_global_tooltip_padding_tablet&quot;:{&quot;unit&quot;:&quot;px&quot;,&quot;top&quot;:&quot;&quot;,&quot;right&quot;:&quot;&quot;,&quot;bottom&quot;:&quot;&quot;,&quot;left&quot;:&quot;&quot;,&quot;isLinked&quot;:true},&quot;element_pack_global_tooltip_padding_mobile&quot;:{&quot;unit&quot;:&quot;px&quot;,&quot;top&quot;:&quot;&quot;,&quot;right&quot;:&quot;&quot;,&quot;bottom&quot;:&quot;&quot;,&quot;left&quot;:&quot;&quot;,&quot;isLinked&quot;:true},&quot;element_pack_global_tooltip_border_radius&quot;:{&quot;unit&quot;:&quot;px&quot;,&quot;top&quot;:&quot;&quot;,&quot;right&quot;:&quot;&quot;,&quot;bottom&quot;:&quot;&quot;,&quot;left&quot;:&quot;&quot;,&quot;isLinked&quot;:true},&quot;element_pack_global_tooltip_border_radius_tablet&quot;:{&quot;unit&quot;:&quot;px&quot;,&quot;top&quot;:&quot;&quot;,&quot;right&quot;:&quot;&quot;,&quot;bottom&quot;:&quot;&quot;,&quot;left&quot;:&quot;&quot;,&quot;isLinked&quot;:true},&quot;element_pack_global_tooltip_border_radius_mobile&quot;:{&quot;unit&quot;:&quot;px&quot;,&quot;top&quot;:&quot;&quot;,&quot;right&quot;:&quot;&quot;,&quot;bottom&quot;:&quot;&quot;,&quot;left&quot;:&quot;&quot;,&quot;isLinked&quot;:true}}\" data-elementor-post-type=\"page\">\n\t\t\t\t<div class=\"elementor-element elementor-element-9e60e05 e-flex e-con-boxed e-con e-parent\" data-id=\"9e60e05\" data-element_type=\"container\" data-e-type=\"container\">\n\t\t\t\t\t<div class=\"e-con-inner\">\n\t\t<div class=\"elementor-element elementor-element-cc88eed e-con-full e-flex e-con e-child\" data-id=\"cc88eed\" data-element_type=\"container\" data-e-type=\"container\">\n\t\t<div class=\"elementor-element elementor-element-09780eb e-con-full e-flex e-con e-child\" data-id=\"09780eb\" data-element_type=\"container\" data-e-type=\"container\">\n\t\t\t\t<div class=\"elementor-element elementor-element-db5f643 elementor-widget elementor-widget-heading\" data-id=\"db5f643\" data-element_type=\"widget\" data-e-type=\"widget\" data-widget_type=\"heading.default\">\n\t\t\t\t<div class=\"elementor-widget-container\">\n\t\t\t\t\t<h1 class=\"elementor-heading-title elementor-size-default\">Energetick\u00e9 poradenstv\u00ed<\/h1>\t\t\t\t<\/div>\n\t\t\t\t<\/div>\n\t\t\t\t<div class=\"elementor-element elementor-element-f45f91b elementor-widget elementor-widget-image\" data-id=\"f45f91b\" data-element_type=\"widget\" data-e-type=\"widget\" data-widget_type=\"image.default\">\n\t\t\t\t<div class=\"elementor-widget-container\">\n\t\t\t\t\t\t\t\t\t\t\t\t\t\t\t<img decoding=\"async\" width=\"88\" height=\"6\" src=\"https:\/\/www.enerkom-plzensko.cz\/wp-content\/uploads\/2025\/08\/gfx_nadpis-3.png\" class=\"attachment-large size-large wp-image-297\" alt=\"\" \/>\t\t\t\t\t\t\t\t\t\t\t\t\t\t\t<\/div>\n\t\t\t\t<\/div>\n\t\t\t\t<\/div>\n\t\t<div class=\"elementor-element elementor-element-4c418b3 e-con-full e-flex e-con e-child\" data-id=\"4c418b3\" data-element_type=\"container\" data-e-type=\"container\">\n\t\t<div class=\"elementor-element elementor-element-cb9fdcb e-con-full e-flex e-con e-child\" data-id=\"cb9fdcb\" data-element_type=\"container\" data-e-type=\"container\">\n\t\t\t\t<div class=\"elementor-element elementor-element-3f83097 elementor-widget elementor-widget-text-editor\" data-id=\"3f83097\" data-element_type=\"widget\" data-e-type=\"widget\" data-widget_type=\"text-editor.default\">\n\t\t\t\t<div class=\"elementor-widget-container\">\n\t\t\t\t\t\t\t\t\t<p>Poskytujeme\u00a0<strong>bezplatn\u00e9 energetick\u00e9 poradenstv\u00ed pro \u0161irokou ve\u0159ejnost<\/strong>. Pom\u00e1h\u00e1me lidem zorientovat se v mo\u017enostech \u00faspor energie, renovac\u00ed dom\u016f, vyu\u017e\u00edv\u00e1n\u00ed obnoviteln\u00fdch zdroj\u016f i v aktu\u00e1ln\u00edch dota\u010dn\u00edch programech.<\/p><p>V na\u0161em t\u00fdmu p\u016fsob\u00ed <b>energeti\u010dt\u00ed poradci, energeti\u010dt\u00ed mana\u017ee\u0159i, energeti\u010dt\u00ed specialist\u00e9 i projektanti,<\/b> kte\u0159\u00ed maj\u00ed zku\u0161enosti s energeticky \u00fasporn\u00fdmi opat\u0159en\u00edmi a r\u00e1di v\u00e1m pomohou naj\u00edt vhodn\u00e9 \u0159e\u0161en\u00ed pro va\u0161e bydlen\u00ed. Dok\u00e1\u017eeme v\u00e1m poradit nejen s v\u00fdb\u011brem vhodn\u00e9ho \u0159e\u0161en\u00ed, ale tak\u00e9 s administrativou a postupem p\u0159i z\u00edsk\u00e1n\u00ed dotac\u00ed.<\/p><p><strong>Pom\u00e1h\u00e1me nap\u0159\u00edklad s t\u00edm:<\/strong><\/p><ul><li style=\"font-weight: 400;\" aria-level=\"1\">jak <strong>sn\u00ed\u017eit n\u00e1klady na energie v dom\u00e1cnosti<\/strong><\/li><li style=\"font-weight: 400;\" aria-level=\"1\">jak <strong>spr\u00e1vn\u011b zateplit nebo renovovat rodinn\u00fd \u010di bytov\u00fd d\u016fm<\/strong><\/li><li style=\"font-weight: 400;\" aria-level=\"1\">jak <strong>vyu\u017e\u00edt obnoviteln\u00e9 zdroje energie (nap\u0159. fotovoltaiku)<\/strong><\/li><li style=\"font-weight: 400;\" aria-level=\"1\">jak se <strong>zorientovat v dota\u010dn\u00edch programech a podm\u00ednk\u00e1ch jejich \u010derp\u00e1n\u00ed<\/strong><\/li><li style=\"font-weight: 400;\" aria-level=\"1\">jak postupovat p\u0159i <strong>rekonstrukci domu krok za krokem<\/strong><\/li><\/ul><p><span style=\"font-weight: 400;\"><strong><br \/><\/strong>Poradenstv\u00ed poskytujeme<strong>\u00a0individu\u00e1ln\u011b \u2013 osobn\u011b, telefonicky nebo e-mailem<\/strong>.<\/span><\/p><ul><li><span style=\"font-weight: 400;\"><a href=\"mailto:poradce@enerkom-plzensko.cz\">poradce@enerkom-plzensko.cz<\/a>,\u00a0<\/span><strong>725 909 836<\/strong><\/li><\/ul><p>Energetick\u00e9 poradenstv\u00ed jsme p\u0159evzali od na\u0161eho partnera\u00a0<a href=\"https:\/\/www.mas-radbuza.cz\/\" target=\"_blank\" rel=\"noopener\"><strong>MAS Radbuza, z. s.<\/strong><\/a>, na jeho\u017e pr\u00e1ci navazujeme a d\u00e1le ji rozv\u00edj\u00edme. Z\u00e1jemci se mohou p\u0159ij\u00edt osobn\u011b informovat na adresu\u00a0<a href=\"https:\/\/mapy.com\/s\/fevohabuku\" target=\"_blank\" rel=\"noopener\"><strong>\u010cSA 24, Stod<\/strong><\/a>, a to\u00a0<strong>ka\u017edou st\u0159edu od 12:00 do 16:00 hodin<\/strong>, kde se dozv\u00ed v\u00edce informac\u00ed.<\/p>\t\t\t\t\t\t\t\t<\/div>\n\t\t\t\t<\/div>\n\t\t\t\t<div class=\"elementor-element elementor-element-b114866 elementor-widget elementor-widget-image\" data-id=\"b114866\" data-element_type=\"widget\" data-e-type=\"widget\" data-widget_type=\"image.default\">\n\t\t\t\t<div class=\"elementor-widget-container\">\n\t\t\t\t\t\t\t\t\t\t\t\t\t\t\t<img fetchpriority=\"high\" decoding=\"async\" width=\"800\" height=\"450\" src=\"https:\/\/www.enerkom-plzensko.cz\/wp-content\/uploads\/2026\/04\/povinna-publicita-osveta-1024x576.jpeg\" class=\"attachment-large size-large wp-image-2050\" alt=\"Energetick\u00e9 poradenstv\u00ed pro ve\u0159ejnost Plze\u0148sko\" srcset=\"https:\/\/www.enerkom-plzensko.cz\/wp-content\/uploads\/2026\/04\/povinna-publicita-osveta-1024x576.jpeg 1024w, https:\/\/www.enerkom-plzensko.cz\/wp-content\/uploads\/2026\/04\/povinna-publicita-osveta-300x169.jpeg 300w, https:\/\/www.enerkom-plzensko.cz\/wp-content\/uploads\/2026\/04\/povinna-publicita-osveta-768x432.jpeg 768w, https:\/\/www.enerkom-plzensko.cz\/wp-content\/uploads\/2026\/04\/povinna-publicita-osveta-1536x864.jpeg 1536w, https:\/\/www.enerkom-plzensko.cz\/wp-content\/uploads\/2026\/04\/povinna-publicita-osveta.jpeg 1920w\" sizes=\"(max-width: 800px) 100vw, 800px\" \/>\t\t\t\t\t\t\t\t\t\t\t\t\t\t\t<\/div>\n\t\t\t\t<\/div>\n\t\t\t\t<\/div>\n\t\t\t\t<\/div>\n\t\t<div class=\"elementor-element elementor-element-db16560 e-con-full e-flex e-con e-child\" data-id=\"db16560\" data-element_type=\"container\" data-e-type=\"container\">\n\t\t<div class=\"elementor-element elementor-element-2162ed9 e-con-full e-flex e-con e-child\" data-id=\"2162ed9\" data-element_type=\"container\" data-e-type=\"container\">\n\t\t\t\t<div class=\"elementor-element elementor-element-f6a3cda elementor-widget elementor-widget-heading\" data-id=\"f6a3cda\" data-element_type=\"widget\" data-e-type=\"widget\" data-widget_type=\"heading.default\">\n\t\t\t\t<div class=\"elementor-widget-container\">\n\t\t\t\t\t<h2 class=\"elementor-heading-title elementor-size-default\">Poradenstv\u00ed v oblasti sd\u00edlen\u00ed energie<\/h2>\t\t\t\t<\/div>\n\t\t\t\t<\/div>\n\t\t\t\t<div class=\"elementor-element elementor-element-0081768 elementor-widget elementor-widget-text-editor\" data-id=\"0081768\" data-element_type=\"widget\" data-e-type=\"widget\" data-widget_type=\"text-editor.default\">\n\t\t\t\t<div class=\"elementor-widget-container\">\n\t\t\t\t\t\t\t\t\t<p>Sou\u010d\u00e1st\u00ed na\u0161eho poradenstv\u00ed je tak\u00e9\u00a0<strong>sd\u00edlen\u00ed energie a komunitn\u00ed energetika<\/strong>.<\/p><p>Pom\u00e1h\u00e1me klient\u016fm zorientovat se nap\u0159\u00edklad v t\u011bchto oblastech:<\/p><ul><li style=\"font-weight: 400;\" aria-level=\"1\">sd\u00edlen\u00ed energie v re\u017eimu <strong>aktivn\u00edho z\u00e1kazn\u00edka<\/strong><\/li><li style=\"font-weight: 400;\" aria-level=\"1\">zapojen\u00ed do <strong>energetick\u00e9ho spole\u010denstv\u00ed<\/strong><\/li><li style=\"font-weight: 400;\" aria-level=\"1\">praktick\u00e9 fungov\u00e1n\u00ed sd\u00edlen\u00ed energie mezi dom\u00e1cnostmi<\/li><\/ul><p><span style=\"font-weight: 400;\"><strong><br \/><\/strong>Velk\u00e9 zku\u0161enosti m\u00e1me tak\u00e9 s klienty, kte\u0159\u00ed\u00a0<strong>v minul\u00fdch letech z\u00edskali dotaci na fotovoltaickou elektr\u00e1rnu<\/strong>, kde je podm\u00ednkou za\u010d\u00edt energii sd\u00edlet. Pom\u00e1h\u00e1me jim zorientovat se v pravidlech, administrativ\u011b i v praktick\u00e9m nastaven\u00ed sd\u00edlen\u00ed energie.<strong><br \/><\/strong><\/span><\/p>\t\t\t\t\t\t\t\t<\/div>\n\t\t\t\t<\/div>\n\t\t\t\t<\/div>\n\t\t\t\t<\/div>\n\t\t<div class=\"elementor-element elementor-element-69c30fc e-con-full e-flex e-con e-child\" data-id=\"69c30fc\" data-element_type=\"container\" data-e-type=\"container\">\n\t\t<div class=\"elementor-element elementor-element-8f1e500 e-con-full e-flex e-con e-child\" data-id=\"8f1e500\" data-element_type=\"container\" data-e-type=\"container\">\n\t\t\t\t<div class=\"elementor-element elementor-element-17d269d elementor-widget elementor-widget-heading\" data-id=\"17d269d\" data-element_type=\"widget\" data-e-type=\"widget\" data-widget_type=\"heading.default\">\n\t\t\t\t<div class=\"elementor-widget-container\">\n\t\t\t\t\t<h2 class=\"elementor-heading-title elementor-size-default\">Dota\u010dn\u00ed programy a energetick\u00e9 \u00faspory<\/h2>\t\t\t\t<\/div>\n\t\t\t\t<\/div>\n\t\t\t\t<div class=\"elementor-element elementor-element-c034e13 elementor-widget elementor-widget-text-editor\" data-id=\"c034e13\" data-element_type=\"widget\" data-e-type=\"widget\" data-widget_type=\"text-editor.default\">\n\t\t\t\t<div class=\"elementor-widget-container\">\n\t\t\t\t\t\t\t\t\t<p>V minul\u00fdch letech jsme aktivn\u011b pom\u00e1hali klient\u016fm s dota\u010dn\u00edmi programy, jako jsou nap\u0159\u00edklad:<\/p><ul><li><strong>Oprav d\u016fm po babi\u010dce<\/strong><\/li><li><strong>Nov\u00e1 zelen\u00e1 \u00faspor\u00e1m Light<\/strong><\/li><\/ul><p>Na z\u00e1klad\u011b t\u011bchto zku\u0161enost\u00ed dnes poskytujeme poradenstv\u00ed tak\u00e9 k aktu\u00e1ln\u00edm program\u016fm zam\u011b\u0159en\u00fdm na energetick\u00e9 \u00faspory v dom\u00e1cnostech.<\/p><p>Aktu\u00e1ln\u011b rad\u00edme zejm\u00e9na v oblasti\u00a0<strong>Nov\u00e1 zelen\u00e1 \u00faspor\u00e1m 2026:<\/strong><\/p><ul><li>program <strong>Nov\u00e1 zelen\u00e1 \u00faspor\u00e1m Light (NZ\u00daL)<\/strong>\u00a0pro dom\u00e1cnosti s ni\u017e\u0161\u00edmi p\u0159\u00edjmy<\/li><li>mo\u017enosti <strong>kompenzace p\u0159\u00edpravy projekt\u016f z roku 2025<\/strong><\/li><li>program <strong>NZ\u00da Bez\u00faro\u010dn\u00fd \u00fav\u011br pro rodinn\u00e9 a bytov\u00e9 domy<\/strong>, v\u010detn\u011b bonus\u016f pro n\u00edzkop\u0159\u00edjmov\u00e9 dom\u00e1cnost<\/li><\/ul><p>\u00a0<\/p><p>Pom\u016f\u017eeme v\u00e1m vybrat vhodn\u00fd program, vysv\u011btl\u00edme podm\u00ednky a porad\u00edme s dal\u0161\u00edm postupem.<\/p>\t\t\t\t\t\t\t\t<\/div>\n\t\t\t\t<\/div>\n\t\t\t\t<\/div>\n\t\t\t\t<\/div>\n\t\t<div class=\"elementor-element elementor-element-24ea52a e-con-full e-flex e-con e-child\" data-id=\"24ea52a\" data-element_type=\"container\" data-e-type=\"container\">\n\t\t<div class=\"elementor-element elementor-element-7fe1664 e-con-full e-flex e-con e-child\" data-id=\"7fe1664\" data-element_type=\"container\" data-e-type=\"container\">\n\t\t\t\t<div class=\"elementor-element elementor-element-c23d0b3 elementor-widget elementor-widget-heading\" data-id=\"c23d0b3\" data-element_type=\"widget\" data-e-type=\"widget\" data-widget_type=\"heading.default\">\n\t\t\t\t<div class=\"elementor-widget-container\">\n\t\t\t\t\t<h2 class=\"elementor-heading-title elementor-size-default\">Osv\u011btov\u00e9 semin\u00e1\u0159e a \u0161kolen\u00ed<\/h2>\t\t\t\t<\/div>\n\t\t\t\t<\/div>\n\t\t\t\t<div class=\"elementor-element elementor-element-9342125 elementor-widget elementor-widget-text-editor\" data-id=\"9342125\" data-element_type=\"widget\" data-e-type=\"widget\" data-widget_type=\"text-editor.default\">\n\t\t\t\t<div class=\"elementor-widget-container\">\n\t\t\t\t\t\t\t\t\t<p>Vedle individu\u00e1ln\u00edho poradenstv\u00ed po\u0159\u00e1d\u00e1me tak\u00e9\u00a0<strong>bezplatn\u00e9 semin\u00e1\u0159e a \u0161kolen\u00ed pro ve\u0159ejnost<\/strong>.<\/p><p>Na t\u011bchto setk\u00e1n\u00edch se v\u011bnujeme praktick\u00fdm t\u00e9mat\u016fm, nap\u0159\u00edklad:<\/p><ul><li>jak sn\u00ed\u017eit spot\u0159ebu energie v dom\u00e1cnosti<\/li><li>jak p\u0159ipravit renovaci nebo zateplen\u00ed domu<\/li><li>jak vyu\u017e\u00edt dota\u010dn\u00ed programy na energetick\u00e9 \u00faspory<\/li><li>jak funguje sd\u00edlen\u00ed energie a komunitn\u00ed energetika<\/li><\/ul><p>Semin\u00e1\u0159e po\u0159\u00e1d\u00e1me\u00a0<strong>v pr\u016fb\u011bhu roku podle aktu\u00e1ln\u00edch t\u00e9mat a dota\u010dn\u00edch program\u016f<\/strong>. Aktu\u00e1ln\u00ed informace najdete na str\u00e1nce <a href=\"https:\/\/www.enerkom-plzensko.cz\/index.php\/osvetove-seminare\/\">Osv\u011btov\u00e9 semin\u00e1\u0159e o dotac\u00edch a \u00faspor\u00e1ch energie<\/a>.<\/p>\t\t\t\t\t\t\t\t<\/div>\n\t\t\t\t<\/div>\n\t\t\t\t<\/div>\n\t\t\t\t<\/div>\n\t\t<div class=\"elementor-element elementor-element-7fae72d e-con-full e-flex e-con e-child\" data-id=\"7fae72d\" data-element_type=\"container\" data-e-type=\"container\">\n\t\t<div class=\"elementor-element elementor-element-05ca72f e-con-full e-flex e-con e-child\" data-id=\"05ca72f\" data-element_type=\"container\" data-e-type=\"container\">\n\t\t\t\t<div class=\"elementor-element elementor-element-d7a1f35 elementor-widget elementor-widget-heading\" data-id=\"d7a1f35\" data-element_type=\"widget\" data-e-type=\"widget\" data-widget_type=\"heading.default\">\n\t\t\t\t<div class=\"elementor-widget-container\">\n\t\t\t\t\t<h2 class=\"elementor-heading-title elementor-size-default\">Kontaktujte n\u00e1s<\/h2>\t\t\t\t<\/div>\n\t\t\t\t<\/div>\n\t\t\t\t<div class=\"elementor-element elementor-element-0eefde8 elementor-widget elementor-widget-text-editor\" data-id=\"0eefde8\" data-element_type=\"widget\" data-e-type=\"widget\" data-widget_type=\"text-editor.default\">\n\t\t\t\t<div class=\"elementor-widget-container\">\n\t\t\t\t\t\t\t\t\t<p>Pokud \u0159e\u0161\u00edte \u00faspory energie, renovaci domu, sd\u00edlen\u00ed energie nebo dota\u010dn\u00ed programy, nev\u00e1hejte se na n\u00e1s obr\u00e1tit.<br \/>R\u00e1di v\u00e1m pom\u016f\u017eeme naj\u00edt\u00a0<strong>nejvhodn\u011bj\u0161\u00ed \u0159e\u0161en\u00ed pro v\u00e1\u0161 d\u016fm i va\u0161i situaci<\/strong>.<\/p><p>Kontaktujte n\u00e1s:<\/p><ul><li><a href=\"mailto:poradce@enerkom-plzensko.cz\">poradce@enerkom-plzensko.cz<\/a><\/li><li><strong>\u00a0725 909 836<\/strong><\/li><\/ul>\t\t\t\t\t\t\t\t<\/div>\n\t\t\t\t<\/div>\n\t\t\t\t<\/div>\n\t\t\t\t<\/div>\n\t\t\t\t<\/div>\n\t\t\t\t\t<\/div>\n\t\t\t\t<\/div>\n\t\t<div class=\"elementor-element elementor-element-0823a72 e-flex e-con-boxed e-con e-parent\" data-id=\"0823a72\" data-element_type=\"container\" data-e-type=\"container\" data-settings=\"{&quot;background_background&quot;:&quot;classic&quot;}\">\n\t\t\t\t\t<div class=\"e-con-inner\">\n\t\t<div class=\"elementor-element elementor-element-64ca238 e-flex e-con-boxed e-con e-child\" data-id=\"64ca238\" data-element_type=\"container\" data-e-type=\"container\">\n\t\t\t\t\t<div class=\"e-con-inner\">\n\t\t\t\t<div class=\"elementor-element elementor-element-358c02c elementor-widget elementor-widget-heading\" data-id=\"358c02c\" data-element_type=\"widget\" data-e-type=\"widget\" data-widget_type=\"heading.default\">\n\t\t\t\t<div class=\"elementor-widget-container\">\n\t\t\t\t\t<h3 class=\"elementor-heading-title elementor-size-default\">Reference<\/h3>\t\t\t\t<\/div>\n\t\t\t\t<\/div>\n\t\t\t\t\t<\/div>\n\t\t\t\t<\/div>\n\t\t<div class=\"elementor-element elementor-element-1f73a9a e-flex e-con-boxed e-con e-child\" data-id=\"1f73a9a\" data-element_type=\"container\" data-e-type=\"container\">\n\t\t\t\t\t<div class=\"e-con-inner\">\n\t\t\t\t<div class=\"elementor-element elementor-element-bebbd93 elementor-testimonial--skin-bubble elementor-testimonial--align-left elementor-testimonial--layout-image_inline elementor-arrows-yes elementor-pagination-type-bullets elementor-widget elementor-widget-testimonial-carousel\" data-id=\"bebbd93\" data-element_type=\"widget\" data-e-type=\"widget\" data-settings=\"{&quot;slides_per_view&quot;:&quot;2&quot;,&quot;show_arrows&quot;:&quot;yes&quot;,&quot;pagination&quot;:&quot;bullets&quot;,&quot;speed&quot;:500,&quot;autoplay&quot;:&quot;yes&quot;,&quot;autoplay_speed&quot;:5000,&quot;loop&quot;:&quot;yes&quot;,&quot;pause_on_hover&quot;:&quot;yes&quot;,&quot;pause_on_interaction&quot;:&quot;yes&quot;,&quot;space_between&quot;:{&quot;unit&quot;:&quot;px&quot;,&quot;size&quot;:10,&quot;sizes&quot;:[]},&quot;space_between_tablet&quot;:{&quot;unit&quot;:&quot;px&quot;,&quot;size&quot;:10,&quot;sizes&quot;:[]},&quot;space_between_mobile&quot;:{&quot;unit&quot;:&quot;px&quot;,&quot;size&quot;:10,&quot;sizes&quot;:[]}}\" data-widget_type=\"testimonial-carousel.default\">\n\t\t\t\t<div class=\"elementor-widget-container\">\n\t\t\t\t\t\t\t\t\t<div class=\"elementor-swiper\">\n\t\t\t\t\t<div class=\"elementor-main-swiper swiper\" role=\"region\" aria-roledescription=\"carousel\" aria-label=\"Slides\">\n\t\t\t\t<div class=\"swiper-wrapper\">\n\t\t\t\t\t\t\t\t\t\t\t<div class=\"swiper-slide\" role=\"group\" aria-roledescription=\"slide\">\n\t\t\t\t\t\t\t\t\t<div class=\"elementor-testimonial\">\n\t\t\t\t\t\t\t<div class=\"elementor-testimonial__content\">\n\t\t\t\t\t<div class=\"elementor-testimonial__text\">\n\t\t\t\t\t\tDobr\u00fd den, <br>dotace byla kladn\u011b vy\u0159\u00edzena a pen\u00edze vyplaceny. D\u011bkuji za pomoc, ochotu a vst\u0159\u00edcnost. S pozdravem\t\t\t\t\t<\/div>\n\t\t\t\t\t\t\t\t\t<\/div>\n\t\t\t\t\t\t<div class=\"elementor-testimonial__footer\">\n\t\t\t\t\t\t\t\t<cite class=\"elementor-testimonial__cite\"><span class=\"elementor-testimonial__name\">V. \u0160.<\/span><\/cite>\t\t\t<\/div>\n\t\t<\/div>\n\t\t\t\t\t\t\t\t<\/div>\n\t\t\t\t\t\t\t\t\t\t\t<div class=\"swiper-slide\" role=\"group\" aria-roledescription=\"slide\">\n\t\t\t\t\t\t\t\t\t<div class=\"elementor-testimonial\">\n\t\t\t\t\t\t\t<div class=\"elementor-testimonial__content\">\n\t\t\t\t\t<div class=\"elementor-testimonial__text\">\n\t\t\t\t\t\tDobr\u00fd den,<br>\ndostala jsem na v\u00e1s kontakt p\u0159es jednu zn\u00e1mou. Pom\u00e1hala jste j\u00ed s dotac\u00ed na bar\u00e1k a v\u0161e prob\u00edhalo skv\u011ble. A j\u00e1 bych se cht\u011bla zeptat, zda byste nem\u011bla \u010das i na n\u00e1s. \nSna\u017eili jsme se o dotac\u00edch n\u011bco na\u010d\u00edst, ale je toho stra\u0161n\u011b moc a ke ka\u017ed\u00e9 dotaci jsou jin\u00e9 podm\u00ednky a my nev\u00edme, co v\u0161echno k tomu pot\u0159ebujeme...\nMoc d\u011bkuji a p\u0159eji hezk\u00fd ve\u010der\n\t\t\t\t\t<\/div>\n\t\t\t\t\t\t\t\t\t<\/div>\n\t\t\t\t\t\t<div class=\"elementor-testimonial__footer\">\n\t\t\t\t\t\t\t\t<cite class=\"elementor-testimonial__cite\"><span class=\"elementor-testimonial__name\">I. S.<\/span><\/cite>\t\t\t<\/div>\n\t\t<\/div>\n\t\t\t\t\t\t\t\t<\/div>\n\t\t\t\t\t\t\t\t\t\t\t<div class=\"swiper-slide\" role=\"group\" aria-roledescription=\"slide\">\n\t\t\t\t\t\t\t\t\t<div class=\"elementor-testimonial\">\n\t\t\t\t\t\t\t<div class=\"elementor-testimonial__content\">\n\t\t\t\t\t<div class=\"elementor-testimonial__text\">\n\t\t\t\t\t\tDobr\u00fd den,<br>\nMnohokr\u00e1t v\u00e1m d\u011bkuji za p\u0159\u00edjemnou sch\u016fzku a osv\u011btlen\u00ed v\u0161ech nejasnost\u00ed ohledn\u011b dotac\u00ed na zateplov\u00e1n\u00ed. Finan\u010dn\u00ed \u010d\u00e1stku jsme obdr\u017eeli v po\u0159\u00e1dku a m\u016f\u017eeme realizovat.\nS pozdravem\n\t\t\t\t\t<\/div>\n\t\t\t\t\t\t\t\t\t<\/div>\n\t\t\t\t\t\t<div class=\"elementor-testimonial__footer\">\n\t\t\t\t\t\t\t\t<cite class=\"elementor-testimonial__cite\"><span class=\"elementor-testimonial__name\">Z. P.<\/span><\/cite>\t\t\t<\/div>\n\t\t<\/div>\n\t\t\t\t\t\t\t\t<\/div>\n\t\t\t\t\t\t\t\t\t\t\t<div class=\"swiper-slide\" role=\"group\" aria-roledescription=\"slide\">\n\t\t\t\t\t\t\t\t\t<div class=\"elementor-testimonial\">\n\t\t\t\t\t\t\t<div class=\"elementor-testimonial__content\">\n\t\t\t\t\t<div class=\"elementor-testimonial__text\">\n\t\t\t\t\t\tDobry den,<br>\ndostal jsem na V\u00e1s kontakt od kolegyn\u011b z pr\u00e1ce, \u017ee pr\u00fd pom\u00e1h\u00e1te zdarma s rekonstrukci domu. Oslovil jsem firmu XXX, ale ta chce 10 % ze z\u00edskan\u00e9 dotace. Bylo \u0159e\u010deno, \u017ee u titulu \"Oprav d\u016fm po babi\u010dce\" u\u017e neplat\u00ed podm\u00ednka, \u017ee \u017eadatel nesm\u00ed vlastnit jinou nemovitost, a tak bych rad podat \u017e\u00e1dost, p\u0159\u00edpadn\u011b zkonzultoval mo\u017enosti vyu\u017eit\u00ed i jin\u00fdch mo\u017enost\u00ed z programu NZ\u00da. D\u011bkuji za odpov\u011b\u010f.\t\t\t\t\t<\/div>\n\t\t\t\t\t\t\t\t\t<\/div>\n\t\t\t\t\t\t<div class=\"elementor-testimonial__footer\">\n\t\t\t\t\t\t\t\t<cite class=\"elementor-testimonial__cite\"><span class=\"elementor-testimonial__name\">P. R.<\/span><\/cite>\t\t\t<\/div>\n\t\t<\/div>\n\t\t\t\t\t\t\t\t<\/div>\n\t\t\t\t\t\t\t\t\t<\/div>\n\t\t\t\t\t\t\t\t\t\t\t\t\t\t\t<div class=\"elementor-swiper-button elementor-swiper-button-prev\" role=\"button\" tabindex=\"0\" aria-label=\"Previous\">\n\t\t\t\t\t\t\t<svg aria-hidden=\"true\" class=\"e-font-icon-svg e-eicon-chevron-left\" viewBox=\"0 0 1000 1000\" xmlns=\"http:\/\/www.w3.org\/2000\/svg\"><path d=\"M646 125C629 125 613 133 604 142L308 442C296 454 292 471 292 487 292 504 296 521 308 533L604 854C617 867 629 875 646 875 663 875 679 871 692 858 704 846 713 829 713 812 713 796 708 779 692 767L438 487 692 225C700 217 708 204 708 187 708 171 704 154 692 142 675 129 663 125 646 125Z\"><\/path><\/svg>\t\t\t\t\t\t<\/div>\n\t\t\t\t\t\t<div class=\"elementor-swiper-button elementor-swiper-button-next\" role=\"button\" tabindex=\"0\" aria-label=\"Next\">\n\t\t\t\t\t\t\t<svg aria-hidden=\"true\" class=\"e-font-icon-svg e-eicon-chevron-right\" viewBox=\"0 0 1000 1000\" xmlns=\"http:\/\/www.w3.org\/2000\/svg\"><path d=\"M696 533C708 521 713 504 713 487 713 471 708 454 696 446L400 146C388 133 375 125 354 125 338 125 325 129 313 142 300 154 292 171 292 187 292 204 296 221 308 233L563 492 304 771C292 783 288 800 288 817 288 833 296 850 308 863 321 871 338 875 354 875 371 875 388 867 400 854L696 533Z\"><\/path><\/svg>\t\t\t\t\t\t<\/div>\n\t\t\t\t\t\t\t\t\t\t\t\t\t\t\t\t<div class=\"swiper-pagination\"><\/div>\n\t\t\t\t\t\t\t\t\t\t\t\t<\/div>\n\t\t\t\t<\/div>\n\t\t\t\t\t\t\t\t<\/div>\n\t\t\t\t<\/div>\n\t\t\t\t\t<\/div>\n\t\t\t\t<\/div>\n\t\t\t\t\t<\/div>\n\t\t\t\t<\/div>\n\t\t\t\t<\/div>\n\t\t","protected":false},"excerpt":{"rendered":"<p>Energetick\u00e9 poradenstv\u00ed Poskytujeme\u00a0bezplatn\u00e9 energetick\u00e9 poradenstv\u00ed pro \u0161irokou ve\u0159ejnost. Pom\u00e1h\u00e1me lidem zorientovat se v mo\u017enostech \u00faspor energie, renovac\u00ed dom\u016f, vyu\u017e\u00edv\u00e1n\u00ed obnoviteln\u00fdch zdroj\u016f i v aktu\u00e1ln\u00edch dota\u010dn\u00edch programech. V na\u0161em t\u00fdmu p\u016fsob\u00ed energeti\u010dt\u00ed poradci, energeti\u010dt\u00ed mana\u017ee\u0159i, energeti\u010dt\u00ed specialist\u00e9 i projektanti, kte\u0159\u00ed maj\u00ed zku\u0161enosti s energeticky \u00fasporn\u00fdmi opat\u0159en\u00edmi a r\u00e1di v\u00e1m pomohou naj\u00edt vhodn\u00e9 \u0159e\u0161en\u00ed pro va\u0161e bydlen\u00ed. [&hellip;]<\/p>\n","protected":false},"author":1,"featured_media":0,"parent":0,"menu_order":0,"comment_status":"closed","ping_status":"closed","template":"elementor_header_footer","meta":{"inline_featured_image":false,"footnotes":""},"class_list":["post-279","page","type-page","status-publish","hentry"],"_links":{"self":[{"href":"https:\/\/www.enerkom-plzensko.cz\/index.php\/wp-json\/wp\/v2\/pages\/279","targetHints":{"allow":["GET"]}}],"collection":[{"href":"https:\/\/www.enerkom-plzensko.cz\/index.php\/wp-json\/wp\/v2\/pages"}],"about":[{"href":"https:\/\/www.enerkom-plzensko.cz\/index.php\/wp-json\/wp\/v2\/types\/page"}],"author":[{"embeddable":true,"href":"https:\/\/www.enerkom-plzensko.cz\/index.php\/wp-json\/wp\/v2\/users\/1"}],"replies":[{"embeddable":true,"href":"https:\/\/www.enerkom-plzensko.cz\/index.php\/wp-json\/wp\/v2\/comments?post=279"}],"version-history":[{"count":71,"href":"https:\/\/www.enerkom-plzensko.cz\/index.php\/wp-json\/wp\/v2\/pages\/279\/revisions"}],"predecessor-version":[{"id":2076,"href":"https:\/\/www.enerkom-plzensko.cz\/index.php\/wp-json\/wp\/v2\/pages\/279\/revisions\/2076"}],"wp:attachment":[{"href":"https:\/\/www.enerkom-plzensko.cz\/index.php\/wp-json\/wp\/v2\/media?parent=279"}],"curies":[{"name":"wp","href":"https:\/\/api.w.org\/{rel}","templated":true}]}}